{"id":1226,"date":"2024-04-03T11:15:25","date_gmt":"2024-04-03T16:15:25","guid":{"rendered":"https:\/\/revistaumanizales.cinde.org.co\/?page_id=1226"},"modified":"2025-04-02T09:15:32","modified_gmt":"2025-04-02T14:15:32","slug":"multimedia","status":"publish","type":"page","link":"https:\/\/revistaumanizales.cinde.org.co\/pt\/multimedia\/","title":{"rendered":"Multim\u00eddia"},"content":{"rendered":"<div data-elementor-type=\"wp-page\" data-elementor-id=\"1226\" class=\"elementor elementor-1226\">\n\t\t\t\t<div class=\"elementor-element elementor-element-731f281 e-flex e-con-boxed wpr-particle-no wpr-jarallax-no wpr-parallax-no wpr-sticky-section-no e-con e-parent\" data-id=\"731f281\" data-element_type=\"container\">\n\t\t\t\t\t<div class=\"e-con-inner\">\n\t\t\t\t<div class=\"elementor-element elementor-element-ab26d61 elementor-hidden-desktop elementor-hidden-tablet elementor-hidden-mobile elementor-widget elementor-widget-enteraddons-breadcrumbs\" data-id=\"ab26d61\" data-element_type=\"widget\" data-widget_type=\"enteraddons-breadcrumbs.default\">\n\t\t\t\t<div class=\"elementor-widget-container\">\n\t\t\t        <div class=\"ea-breadcrumbs-wrap\">\r\n            <ul class=\"ea-page-title-wrap\"><li><a href=\"https:\/\/revistaumanizales.cinde.org.co\/pt\" title=\"In\u00edcio\">In\u00edcio<\/a><\/li><span class=\"ea-breadcrumb-delimiter\">&#047;<\/span><\/ul>        <\/div>\r\n        \t\t<\/div>\n\t\t\t\t<\/div>\n\t\t\t\t\t<\/div>\n\t\t\t\t<\/div>\n\t\t<div class=\"elementor-element elementor-element-450cb27 e-flex e-con-boxed wpr-particle-no wpr-jarallax-no wpr-parallax-no wpr-sticky-section-no e-con e-parent\" data-id=\"450cb27\" data-element_type=\"container\">\n\t\t\t\t\t<div class=\"e-con-inner\">\n\t\t\t\t<div class=\"elementor-element elementor-element-e302b00 elementor-widget elementor-widget-html\" data-id=\"e302b00\" data-element_type=\"widget\" data-widget_type=\"html.default\">\n\t\t\t\t<div class=\"elementor-widget-container\">\n\t\t\t<div style=\"display: flex; justify-content: center; gap: 20px; flex-wrap: wrap; max-width: 1200px; margin: auto;\">\n<!-- Columna 1 -->\n<div style=\"width: 45%; min-width: 300px;\">\n<!-- Primera Tarjeta -->\n<div style=\"background: white; padding: 20px; border-radius: 10px; box-shadow: 0 4px 8px rgba(0, 0, 0, 0.2); text-align: center;\">\n<h2 style=\"color: #1D3A6F; margin-bottom: 8px;\">Protecci\u00f3n Integral de Derechos de Ni\u00f1os<\/h2>\n<p style=\"font-size: 14px; color: #333;\">Compartilhamos a entrevista com o Dr. Rodolfo Tuir\u00e1n Guti\u00e9rrez (1955-2019), que participou como pesquisador no El Colegio de M\u00e9xico, com o tema: Educa\u00e7\u00e3o e forma\u00e7\u00e3o profissional no M\u00e9xico e na Am\u00e9rica Latina. Entrevistado por Mar\u00eda Piedad Mar\u00edn, Diretora de Ensino da Universidade de Manizales.<\/p>\n<div>\n<iframe src=\"https:\/\/www.youtube.com\/embed\/LS768Lu6woQ\" frameborder=\"0\" allowfullscreen style=\"width: 100%; height: 250px; border-radius: 10px;\"><\/iframe>\n<\/div>\n<\/div>\n<\/div>\n \n    <!-- Columna 2 -->\n<div style=\"width: 45%; min-width: 300px;\">\n<!-- Segunda Tarjeta -->\n<div style=\"background: white; padding: 20px; border-radius: 10px; box-shadow: 0 4px 8px rgba(0, 0, 0, 0.2); text-align: center;\">\n<h2 style=\"color: #1D3A6F; margin-bottom: 8px;\">Educaci\u00f3n y Formaci\u00f3n Profesional en Am\u00e9rica Latina<\/h2>\n<p style=\"font-size: 14px; color: #333;\">Rodolfo Tuir\u00e1n Guti\u00e9rrez analiza el estado de la educaci\u00f3n en Am\u00e9rica Latina, los retos de la formaci\u00f3n profesional y las oportunidades para mejorar la calidad educativa en la regi\u00f3n.<\/p>\n<div>\n<iframe src=\"https:\/\/www.youtube.com\/embed\/HT-KMhEZTI4\" frameborder=\"0\" allowfullscreen style=\"width: 100%; height: 250px; border-radius: 10px;\"><\/iframe>\n<\/div>\n<\/div>\n<\/div>\n \n<\/div>\t\t<\/div>\n\t\t\t\t<\/div>\n\t\t\t\t\t<\/div>\n\t\t\t\t<\/div>\n\t\t\t\t<\/div>","protected":false},"excerpt":{"rendered":"<p>Home &#047; Protecci\u00f3n Integral de Derechos de Ni\u00f1os Compartimos la entrevista al Dr. Rodolfo Tuir\u00e1n Guti\u00e9rrez (1955-2019) Quien particip\u00f3 como Investigador de El Colegio de M\u00e9xico, con el tema: Educaci\u00f3n y formaci\u00f3n profesional en M\u00e9xico y Am\u00e9rica Latina Entrevistado por Mar\u00eda Piedad Mar\u00edn, Directora de Docencia de la Universidad de Manizales Educaci\u00f3n y Formaci\u00f3n Profesional en Am\u00e9rica Latina Rodolfo Tuir\u00e1n Guti\u00e9rrez analiza el estado de la educaci\u00f3n en Am\u00e9rica Latina, los retos de la formaci\u00f3n profesional y las oportunidades para mejorar la calidad educativa en la regi\u00f3n.<\/p>","protected":false},"author":1,"featured_media":0,"parent":0,"menu_order":0,"comment_status":"closed","ping_status":"closed","template":"","meta":{"footnotes":""},"class_list":["post-1226","page","type-page","status-publish","hentry","entry"],"yoast_head":"<!-- This site is optimized with the Yoast SEO plugin v23.6 - https:\/\/yoast.com\/wordpress\/plugins\/seo\/ -->\n<title>Multimedia - Revista Latinoamericana de Ciencias Sociales Ni\u00f1ez y Juventud<\/title>\n<meta name=\"robots\" content=\"index, follow, max-snippet:-1, max-image-preview:large, max-video-preview:-1\" \/>\n<link rel=\"canonical\" href=\"https:\/\/revistaumanizales.cinde.org.co\/pt\/multimedia\/\" \/>\n<meta property=\"og:locale\" content=\"pt_BR\" \/>\n<meta property=\"og:type\" content=\"article\" \/>\n<meta property=\"og:title\" content=\"Multimedia - Revista Latinoamericana de Ciencias Sociales Ni\u00f1ez y Juventud\" \/>\n<meta property=\"og:description\" content=\"Home &#047; Protecci\u00f3n Integral de Derechos de Ni\u00f1os Compartimos la entrevista al Dr. Rodolfo Tuir\u00e1n Guti\u00e9rrez (1955-2019) Quien particip\u00f3 como Investigador de El Colegio de M\u00e9xico, con el tema: Educaci\u00f3n y formaci\u00f3n profesional en M\u00e9xico y Am\u00e9rica Latina Entrevistado por Mar\u00eda Piedad Mar\u00edn, Directora de Docencia de la Universidad de Manizales Educaci\u00f3n y Formaci\u00f3n Profesional en Am\u00e9rica Latina Rodolfo Tuir\u00e1n Guti\u00e9rrez analiza el estado de la educaci\u00f3n en Am\u00e9rica Latina, los retos de la formaci\u00f3n profesional y las oportunidades para mejorar la calidad educativa en la regi\u00f3n.\" \/>\n<meta property=\"og:url\" content=\"https:\/\/revistaumanizales.cinde.org.co\/pt\/multimedia\/\" \/>\n<meta property=\"og:site_name\" content=\"Revista Latinoamericana de Ciencias Sociales Ni\u00f1ez y Juventud\" \/>\n<meta property=\"article:modified_time\" content=\"2025-04-02T14:15:32+00:00\" \/>\n<meta name=\"twitter:card\" content=\"summary_large_image\" \/>\n<meta name=\"twitter:label1\" content=\"Est. tempo de leitura\" \/>\n\t<meta name=\"twitter:data1\" content=\"1 minuto\" \/>\n<script type=\"application\/ld+json\" class=\"yoast-schema-graph\">{\"@context\":\"https:\/\/schema.org\",\"@graph\":[{\"@type\":\"WebPage\",\"@id\":\"https:\/\/revistaumanizales.cinde.org.co\/multimedia\/\",\"url\":\"https:\/\/revistaumanizales.cinde.org.co\/multimedia\/\",\"name\":\"Multimedia - Revista Latinoamericana de Ciencias Sociales Ni\u00f1ez y Juventud\",\"isPartOf\":{\"@id\":\"https:\/\/revistaumanizales.cinde.org.co\/en\/#website\"},\"datePublished\":\"2024-04-03T16:15:25+00:00\",\"dateModified\":\"2025-04-02T14:15:32+00:00\",\"breadcrumb\":{\"@id\":\"https:\/\/revistaumanizales.cinde.org.co\/multimedia\/#breadcrumb\"},\"inLanguage\":\"pt-BR\",\"potentialAction\":[{\"@type\":\"ReadAction\",\"target\":[\"https:\/\/revistaumanizales.cinde.org.co\/multimedia\/\"]}]},{\"@type\":\"BreadcrumbList\",\"@id\":\"https:\/\/revistaumanizales.cinde.org.co\/multimedia\/#breadcrumb\",\"itemListElement\":[{\"@type\":\"ListItem\",\"position\":1,\"name\":\"Inicio\",\"item\":\"https:\/\/revistaumanizales.cinde.org.co\/en\/\"},{\"@type\":\"ListItem\",\"position\":2,\"name\":\"Multimedia\"}]},{\"@type\":\"WebSite\",\"@id\":\"https:\/\/revistaumanizales.cinde.org.co\/en\/#website\",\"url\":\"https:\/\/revistaumanizales.cinde.org.co\/en\/\",\"name\":\"Revista Latinoamericana de Ciencias Sociales Ni\u00f1ez y Juventud\",\"description\":\"\",\"publisher\":{\"@id\":\"https:\/\/revistaumanizales.cinde.org.co\/en\/#organization\"},\"potentialAction\":[{\"@type\":\"SearchAction\",\"target\":{\"@type\":\"EntryPoint\",\"urlTemplate\":\"https:\/\/revistaumanizales.cinde.org.co\/en\/?s={search_term_string}\"},\"query-input\":{\"@type\":\"PropertyValueSpecification\",\"valueRequired\":true,\"valueName\":\"search_term_string\"}}],\"inLanguage\":\"pt-BR\"},{\"@type\":\"Organization\",\"@id\":\"https:\/\/revistaumanizales.cinde.org.co\/en\/#organization\",\"name\":\"Revista Latinoamericana de Ciencias Sociales Ni\u00f1ez y Juventud\",\"url\":\"https:\/\/revistaumanizales.cinde.org.co\/en\/\",\"logo\":{\"@type\":\"ImageObject\",\"inLanguage\":\"pt-BR\",\"@id\":\"https:\/\/revistaumanizales.cinde.org.co\/en\/#\/schema\/logo\/image\/\",\"url\":\"https:\/\/revistaumanizales.cinde.org.co\/wp-content\/uploads\/2016\/11\/logo.png\",\"contentUrl\":\"https:\/\/revistaumanizales.cinde.org.co\/wp-content\/uploads\/2016\/11\/logo.png\",\"width\":354,\"height\":60,\"caption\":\"Revista Latinoamericana de Ciencias Sociales Ni\u00f1ez y Juventud\"},\"image\":{\"@id\":\"https:\/\/revistaumanizales.cinde.org.co\/en\/#\/schema\/logo\/image\/\"}}]}<\/script>\n<!-- \/ Yoast SEO plugin. -->","yoast_head_json":{"title":"Multimedia - Revista Latinoamericana de Ciencias Sociales Ni\u00f1ez y Juventud","robots":{"index":"index","follow":"follow","max-snippet":"max-snippet:-1","max-image-preview":"max-image-preview:large","max-video-preview":"max-video-preview:-1"},"canonical":"https:\/\/revistaumanizales.cinde.org.co\/pt\/multimedia\/","og_locale":"pt_BR","og_type":"article","og_title":"Multimedia - Revista Latinoamericana de Ciencias Sociales Ni\u00f1ez y Juventud","og_description":"Home &#047; Protecci\u00f3n Integral de Derechos de Ni\u00f1os Compartimos la entrevista al Dr. Rodolfo Tuir\u00e1n Guti\u00e9rrez (1955-2019) Quien particip\u00f3 como Investigador de El Colegio de M\u00e9xico, con el tema: Educaci\u00f3n y formaci\u00f3n profesional en M\u00e9xico y Am\u00e9rica Latina Entrevistado por Mar\u00eda Piedad Mar\u00edn, Directora de Docencia de la Universidad de Manizales Educaci\u00f3n y Formaci\u00f3n Profesional en Am\u00e9rica Latina Rodolfo Tuir\u00e1n Guti\u00e9rrez analiza el estado de la educaci\u00f3n en Am\u00e9rica Latina, los retos de la formaci\u00f3n profesional y las oportunidades para mejorar la calidad educativa en la regi\u00f3n.","og_url":"https:\/\/revistaumanizales.cinde.org.co\/pt\/multimedia\/","og_site_name":"Revista Latinoamericana de Ciencias Sociales Ni\u00f1ez y Juventud","article_modified_time":"2025-04-02T14:15:32+00:00","twitter_card":"summary_large_image","twitter_misc":{"Est. tempo de leitura":"1 minuto"},"schema":{"@context":"https:\/\/schema.org","@graph":[{"@type":"WebPage","@id":"https:\/\/revistaumanizales.cinde.org.co\/multimedia\/","url":"https:\/\/revistaumanizales.cinde.org.co\/multimedia\/","name":"Multimedia - Revista Latinoamericana de Ciencias Sociales Ni\u00f1ez y Juventud","isPartOf":{"@id":"https:\/\/revistaumanizales.cinde.org.co\/en\/#website"},"datePublished":"2024-04-03T16:15:25+00:00","dateModified":"2025-04-02T14:15:32+00:00","breadcrumb":{"@id":"https:\/\/revistaumanizales.cinde.org.co\/multimedia\/#breadcrumb"},"inLanguage":"pt-BR","potentialAction":[{"@type":"ReadAction","target":["https:\/\/revistaumanizales.cinde.org.co\/multimedia\/"]}]},{"@type":"BreadcrumbList","@id":"https:\/\/revistaumanizales.cinde.org.co\/multimedia\/#breadcrumb","itemListElement":[{"@type":"ListItem","position":1,"name":"Inicio","item":"https:\/\/revistaumanizales.cinde.org.co\/en\/"},{"@type":"ListItem","position":2,"name":"Multimedia"}]},{"@type":"WebSite","@id":"https:\/\/revistaumanizales.cinde.org.co\/en\/#website","url":"https:\/\/revistaumanizales.cinde.org.co\/en\/","name":"Revista Latinoamericana de Ciencias Sociales Ni\u00f1ez y Juventud","description":"","publisher":{"@id":"https:\/\/revistaumanizales.cinde.org.co\/en\/#organization"},"potentialAction":[{"@type":"SearchAction","target":{"@type":"EntryPoint","urlTemplate":"https:\/\/revistaumanizales.cinde.org.co\/en\/?s={search_term_string}"},"query-input":{"@type":"PropertyValueSpecification","valueRequired":true,"valueName":"search_term_string"}}],"inLanguage":"pt-BR"},{"@type":"Organization","@id":"https:\/\/revistaumanizales.cinde.org.co\/en\/#organization","name":"Revista Latinoamericana de Ciencias Sociales Ni\u00f1ez y Juventud","url":"https:\/\/revistaumanizales.cinde.org.co\/en\/","logo":{"@type":"ImageObject","inLanguage":"pt-BR","@id":"https:\/\/revistaumanizales.cinde.org.co\/en\/#\/schema\/logo\/image\/","url":"https:\/\/revistaumanizales.cinde.org.co\/wp-content\/uploads\/2016\/11\/logo.png","contentUrl":"https:\/\/revistaumanizales.cinde.org.co\/wp-content\/uploads\/2016\/11\/logo.png","width":354,"height":60,"caption":"Revista Latinoamericana de Ciencias Sociales Ni\u00f1ez y Juventud"},"image":{"@id":"https:\/\/revistaumanizales.cinde.org.co\/en\/#\/schema\/logo\/image\/"}}]}},"rttpg_featured_image_url":null,"rttpg_author":{"display_name":"R3V1ST4C1ND3","author_link":"https:\/\/revistaumanizales.cinde.org.co\/pt\/author\/r3v1st4c1nd3\/"},"rttpg_comment":0,"rttpg_category":null,"rttpg_excerpt":"Home &#047; Protecci\u00f3n Integral de Derechos de Ni\u00f1os Compartimos la entrevista al Dr. Rodolfo Tuir\u00e1n Guti\u00e9rrez (1955-2019) Quien particip\u00f3 como Investigador de El Colegio de M\u00e9xico, con el tema: Educaci\u00f3n y formaci\u00f3n profesional en M\u00e9xico y Am\u00e9rica Latina Entrevistado por Mar\u00eda Piedad Mar\u00edn, Directora de Docencia de la Universidad de Manizales Educaci\u00f3n y Formaci\u00f3n Profesional&hellip;","_links":{"self":[{"href":"https:\/\/revistaumanizales.cinde.org.co\/pt\/wp-json\/wp\/v2\/pages\/1226"}],"collection":[{"href":"https:\/\/revistaumanizales.cinde.org.co\/pt\/wp-json\/wp\/v2\/pages"}],"about":[{"href":"https:\/\/revistaumanizales.cinde.org.co\/pt\/wp-json\/wp\/v2\/types\/page"}],"author":[{"embeddable":true,"href":"https:\/\/revistaumanizales.cinde.org.co\/pt\/wp-json\/wp\/v2\/users\/1"}],"replies":[{"embeddable":true,"href":"https:\/\/revistaumanizales.cinde.org.co\/pt\/wp-json\/wp\/v2\/comments?post=1226"}],"version-history":[{"count":28,"href":"https:\/\/revistaumanizales.cinde.org.co\/pt\/wp-json\/wp\/v2\/pages\/1226\/revisions"}],"predecessor-version":[{"id":2640,"href":"https:\/\/revistaumanizales.cinde.org.co\/pt\/wp-json\/wp\/v2\/pages\/1226\/revisions\/2640"}],"wp:attachment":[{"href":"https:\/\/revistaumanizales.cinde.org.co\/pt\/wp-json\/wp\/v2\/media?parent=1226"}],"curies":[{"name":"wp","href":"https:\/\/api.w.org\/{rel}","templated":true}]}}